{"id":1671,"date":"2020-03-21T19:50:08","date_gmt":"2020-03-21T18:50:08","guid":{"rendered":"https:\/\/the7.io\/elementor-minimal-creative-light\/?page_id=1671"},"modified":"2025-10-16T19:37:25","modified_gmt":"2025-10-16T17:37:25","slug":"start","status":"publish","type":"page","link":"https:\/\/refatek.de\/","title":{"rendered":"Start"},"content":{"rendered":"\t\t<div data-elementor-type=\"wp-page\" data-elementor-id=\"1671\" class=\"elementor elementor-1671\" data-elementor-post-type=\"page\">\n\t\t\t\t\t\t<section class=\"elementor-section elementor-top-section elementor-element elementor-element-e75b15d elementor-section-full_width elementor-section-height-default elementor-section-height-default\" data-id=\"e75b15d\" data-element_type=\"section\">\n\t\t\t\t\t\t<div class=\"elementor-container elementor-column-gap-default\">\n\t\t\t\t\t<div class=\"elementor-column elementor-col-50 elementor-top-column elementor-element elementor-element-6c77e61\" data-id=\"6c77e61\" data-element_type=\"column\" data-settings=\"{&quot;background_background&quot;:&quot;classic&quot;}\">\n\t\t\t<div class=\"elementor-widget-wrap\">\n\t\t\t\t\t\t\t<\/div>\n\t\t<\/div>\n\t\t\t\t<div class=\"elementor-column elementor-col-50 elementor-top-column elementor-element elementor-element-02bbe90\" data-id=\"02bbe90\" data-element_type=\"column\" data-settings=\"{&quot;background_background&quot;:&quot;classic&quot;,&quot;motion_fx_motion_fx_scrolling&quot;:&quot;yes&quot;,&quot;motion_fx_devices&quot;:[&quot;desktop&quot;,&quot;tablet&quot;,&quot;mobile&quot;]}\">\n\t\t\t<div class=\"elementor-widget-wrap elementor-element-populated\">\n\t\t\t\t\t\t<div class=\"elementor-element elementor-element-ce7215d elementor-widget elementor-widget-heading\" data-id=\"ce7215d\" data-element_type=\"widget\" data-widget_type=\"heading.default\">\n\t\t\t\t<div class=\"elementor-widget-container\">\n\t\t\t<h3 class=\"elementor-heading-title elementor-size-small\"><font color=\"#85BBE5\"><font color=\"#F9A51B\">ReFaTEk<\/font> f\u00fcr die Energiewende im Bausektor<\/font><\/h3>\t\t<\/div>\n\t\t\t\t<\/div>\n\t\t\t\t<div class=\"elementor-element elementor-element-f683f49 elementor-widget elementor-widget-text-editor\" data-id=\"f683f49\" data-element_type=\"widget\" data-widget_type=\"text-editor.default\">\n\t\t\t\t<div class=\"elementor-widget-container\">\n\t\t\t\t\t\t\t<p id=\"blocksatz\"><span style=\"color: #3b3a3a;\">Das Forschungsvorhaben&nbsp;<strong><span id=\"refatek\">ReFaTEk<\/span><\/strong>&nbsp;dient der Erprobung und Untersuchung ressourcenschonender Fassadentechnologien zur Nutzung von Solarenergie f\u00fcr die energetische Versorgung von Geb\u00e4uden. Die neuartige Klinkertechnologie wird erstmalig an realen Bauvorhaben umgesetzt und wissenschaftlich&nbsp;<\/span><span style=\"color: #3b3a3a; background-color: var( --e-global-color-el_color_0 ); font: var(--the7-base-font-big); letter-spacing: var(--the7-base-letter-spacing); text-transform: var(--the7-base-text-transform); word-spacing: normal; text-decoration: var(--the7-base-text-decoration);\">begleitet.&nbsp;<\/span><\/p>\t\t\t\t\t\t<\/div>\n\t\t\t\t<\/div>\n\t\t\t\t\t<\/div>\n\t\t<\/div>\n\t\t\t\t\t<\/div>\n\t\t<\/section>\n\t\t<div class=\"elementor-element elementor-element-822d93a e-flex e-con-boxed e-con e-parent\" data-id=\"822d93a\" data-element_type=\"container\">\n\t\t\t\t\t<div class=\"e-con-inner\">\n\t\t\t\t<div class=\"elementor-element elementor-element-32dffe9 elementor-grid-3 elementor-grid-tablet-2 elementor-grid-mobile-1 elementor-posts--thumbnail-top elementor-card-shadow-yes elementor-posts__hover-gradient elementor-widget elementor-widget-posts\" data-id=\"32dffe9\" data-element_type=\"widget\" data-settings=\"{&quot;cards_columns&quot;:&quot;3&quot;,&quot;cards_columns_tablet&quot;:&quot;2&quot;,&quot;cards_columns_mobile&quot;:&quot;1&quot;,&quot;cards_row_gap&quot;:{&quot;unit&quot;:&quot;px&quot;,&quot;size&quot;:35,&quot;sizes&quot;:[]},&quot;cards_row_gap_tablet&quot;:{&quot;unit&quot;:&quot;px&quot;,&quot;size&quot;:&quot;&quot;,&quot;sizes&quot;:[]},&quot;cards_row_gap_mobile&quot;:{&quot;unit&quot;:&quot;px&quot;,&quot;size&quot;:&quot;&quot;,&quot;sizes&quot;:[]}}\" data-widget_type=\"posts.cards\">\n\t\t\t\t<div class=\"elementor-widget-container\">\n\t\t\t\t\t<div class=\"elementor-posts-container elementor-posts elementor-posts--skin-cards elementor-grid\">\n\t\t\t\t<article class=\"elementor-post elementor-grid-item post-14182 post type-post status-publish format-standard has-post-thumbnail hentry category-allgemein category-1 description-off\">\n\t\t\t<div class=\"elementor-post__card\">\n\t\t\t\t<a class=\"elementor-post__thumbnail__link\" href=\"https:\/\/refatek.de\/?p=14182\" tabindex=\"-1\" ><div class=\"elementor-post__thumbnail\"><img fetchpriority=\"high\" decoding=\"async\" width=\"300\" height=\"199\" src=\"https:\/\/refatek.de\/wp-content\/uploads\/2025\/10\/260318_universitaerer-Austausch_ReFaTEk-300x199.png\" class=\"attachment-medium size-medium wp-image-14196\" alt=\"\" srcset=\"https:\/\/refatek.de\/wp-content\/uploads\/2025\/10\/260318_universitaerer-Austausch_ReFaTEk-300x199.png 300w, https:\/\/refatek.de\/wp-content\/uploads\/2025\/10\/260318_universitaerer-Austausch_ReFaTEk-1024x678.png 1024w, https:\/\/refatek.de\/wp-content\/uploads\/2025\/10\/260318_universitaerer-Austausch_ReFaTEk-768x509.png 768w, https:\/\/refatek.de\/wp-content\/uploads\/2025\/10\/260318_universitaerer-Austausch_ReFaTEk-1536x1017.png 1536w, https:\/\/refatek.de\/wp-content\/uploads\/2025\/10\/260318_universitaerer-Austausch_ReFaTEk-2048x1356.png 2048w\" sizes=\"(max-width: 300px) 100vw, 300px\" \/><\/div><\/a>\n\t\t\t\t<div class=\"elementor-post__text\">\n\t\t\t\t<h3 class=\"elementor-post__title\">\n\t\t\t<a href=\"https:\/\/refatek.de\/?p=14182\" >\n\t\t\t\tUniversit\u00e4rer Austausch im Forschungsprojekt ReFaTEk\t\t\t<\/a>\n\t\t<\/h3>\n\t\t\t\t<div class=\"elementor-post__excerpt\">\n\t\t\t<p>Universit\u00e4rer Austausch im Forschungsprojekt ReFaTEk 27.10.2025 In den vergangenen Projektmonaten fanden zwei Austauschtermine zwischen der FH Salzburg, der Universit\u00e4t Stuttgart und der RWTH Aachen im<\/p>\n\t\t<\/div>\n\t\t\t\t\t<div class=\"elementor-post__read-more-wrapper\">\n\t\t\n\t\t<a class=\"elementor-post__read-more\" href=\"https:\/\/refatek.de\/?p=14182\" aria-label=\"Read more about Universit\u00e4rer Austausch im Forschungsprojekt ReFaTEk\" tabindex=\"-1\" >\n\t\t\tMEHR \u00bb\t\t<\/a>\n\n\t\t\t\t\t<\/div>\n\t\t\t\t<\/div>\n\t\t\t\t<div class=\"elementor-post__meta-data\">\n\t\t\t\t\t<span class=\"elementor-post-date\">\n\t\t\t27. Oktober 2025\t\t<\/span>\n\t\t\t\t<\/div>\n\t\t\t\t\t<\/div>\n\t\t<\/article>\n\t\t\t\t<article class=\"elementor-post elementor-grid-item post-14110 post type-post status-publish format-standard has-post-thumbnail hentry category-allgemein category-1 description-off\">\n\t\t\t<div class=\"elementor-post__card\">\n\t\t\t\t<a class=\"elementor-post__thumbnail__link\" href=\"https:\/\/refatek.de\/?p=14110\" tabindex=\"-1\" ><div class=\"elementor-post__thumbnail\"><img decoding=\"async\" width=\"300\" height=\"148\" src=\"https:\/\/refatek.de\/wp-content\/uploads\/2025\/10\/Beitrag-7_Fassadenaufbau-HiL-Pruefstand-300x148.png\" class=\"attachment-medium size-medium wp-image-14111\" alt=\"\" srcset=\"https:\/\/refatek.de\/wp-content\/uploads\/2025\/10\/Beitrag-7_Fassadenaufbau-HiL-Pruefstand-300x148.png 300w, https:\/\/refatek.de\/wp-content\/uploads\/2025\/10\/Beitrag-7_Fassadenaufbau-HiL-Pruefstand-1024x504.png 1024w, https:\/\/refatek.de\/wp-content\/uploads\/2025\/10\/Beitrag-7_Fassadenaufbau-HiL-Pruefstand-768x378.png 768w, https:\/\/refatek.de\/wp-content\/uploads\/2025\/10\/Beitrag-7_Fassadenaufbau-HiL-Pruefstand-1536x756.png 1536w, https:\/\/refatek.de\/wp-content\/uploads\/2025\/10\/Beitrag-7_Fassadenaufbau-HiL-Pruefstand-2048x1008.png 2048w\" sizes=\"(max-width: 300px) 100vw, 300px\" \/><\/div><\/a>\n\t\t\t\t<div class=\"elementor-post__text\">\n\t\t\t\t<h3 class=\"elementor-post__title\">\n\t\t\t<a href=\"https:\/\/refatek.de\/?p=14110\" >\n\t\t\t\tFassadenaufbau f\u00fcr den HiL-Pr\u00fcfstand\t\t\t<\/a>\n\t\t<\/h3>\n\t\t\t\t<div class=\"elementor-post__excerpt\">\n\t\t\t<p>Fassadenaufbau f\u00fcr den HiL-Pr\u00fcfstand 14.-18.07.2025 In der Woche vom 14. bis 18.07.2025 fand der Aufbau des ReFaTEk-Pr\u00fcfstandes in der Versuchshalle f\u00fcr Energieeffizientes Bauen auf dem<\/p>\n\t\t<\/div>\n\t\t\t\t\t<div class=\"elementor-post__read-more-wrapper\">\n\t\t\n\t\t<a class=\"elementor-post__read-more\" href=\"https:\/\/refatek.de\/?p=14110\" aria-label=\"Read more about Fassadenaufbau f\u00fcr den HiL-Pr\u00fcfstand\" tabindex=\"-1\" >\n\t\t\tMEHR \u00bb\t\t<\/a>\n\n\t\t\t\t\t<\/div>\n\t\t\t\t<\/div>\n\t\t\t\t<div class=\"elementor-post__meta-data\">\n\t\t\t\t\t<span class=\"elementor-post-date\">\n\t\t\t21. Juli 2025\t\t<\/span>\n\t\t\t\t<\/div>\n\t\t\t\t\t<\/div>\n\t\t<\/article>\n\t\t\t\t<article class=\"elementor-post elementor-grid-item post-14107 post type-post status-publish format-standard has-post-thumbnail hentry category-allgemein category-1 description-off\">\n\t\t\t<div class=\"elementor-post__card\">\n\t\t\t\t<a class=\"elementor-post__thumbnail__link\" href=\"https:\/\/refatek.de\/?p=14107\" tabindex=\"-1\" ><div class=\"elementor-post__thumbnail\"><img decoding=\"async\" width=\"300\" height=\"150\" src=\"https:\/\/refatek.de\/wp-content\/uploads\/2025\/10\/Beitrag-6_Oesterreichischer-Staedtebund-300x150.png\" class=\"attachment-medium size-medium wp-image-14108\" alt=\"\" srcset=\"https:\/\/refatek.de\/wp-content\/uploads\/2025\/10\/Beitrag-6_Oesterreichischer-Staedtebund-300x150.png 300w, https:\/\/refatek.de\/wp-content\/uploads\/2025\/10\/Beitrag-6_Oesterreichischer-Staedtebund-1024x512.png 1024w, https:\/\/refatek.de\/wp-content\/uploads\/2025\/10\/Beitrag-6_Oesterreichischer-Staedtebund-768x384.png 768w, https:\/\/refatek.de\/wp-content\/uploads\/2025\/10\/Beitrag-6_Oesterreichischer-Staedtebund-1536x768.png 1536w, https:\/\/refatek.de\/wp-content\/uploads\/2025\/10\/Beitrag-6_Oesterreichischer-Staedtebund.png 1754w\" sizes=\"(max-width: 300px) 100vw, 300px\" \/><\/div><\/a>\n\t\t\t\t<div class=\"elementor-post__text\">\n\t\t\t\t<h3 class=\"elementor-post__title\">\n\t\t\t<a href=\"https:\/\/refatek.de\/?p=14107\" >\n\t\t\t\tProjektvorstellung beim \u00d6sterreichischen St\u00e4dtebund\t\t\t<\/a>\n\t\t<\/h3>\n\t\t\t\t<div class=\"elementor-post__excerpt\">\n\t\t\t<p>Projektvorstellung beim \u00d6sterreichischen St\u00e4dtebund 17.06.2025 Aufbauend auf den wertvollen Kontakten, die w\u00e4hrend der World Sustainable Energy Days 2025 gekn\u00fcpft wurden, folgte das ReFaTEk-Team am 17.<\/p>\n\t\t<\/div>\n\t\t\t\t\t<div class=\"elementor-post__read-more-wrapper\">\n\t\t\n\t\t<a class=\"elementor-post__read-more\" href=\"https:\/\/refatek.de\/?p=14107\" aria-label=\"Read more about Projektvorstellung beim \u00d6sterreichischen St\u00e4dtebund\" tabindex=\"-1\" >\n\t\t\tMEHR \u00bb\t\t<\/a>\n\n\t\t\t\t\t<\/div>\n\t\t\t\t<\/div>\n\t\t\t\t<div class=\"elementor-post__meta-data\">\n\t\t\t\t\t<span class=\"elementor-post-date\">\n\t\t\t18. Juni 2025\t\t<\/span>\n\t\t\t\t<\/div>\n\t\t\t\t\t<\/div>\n\t\t<\/article>\n\t\t\t\t<\/div>\n\t\t\n\t\t\t\t<\/div>\n\t\t\t\t<\/div>\n\t\t\t\t\t<\/div>\n\t\t\t\t<\/div>\n\t\t\t\t<\/div>\n\t\t","protected":false},"excerpt":{"rendered":"<p>ReFaTEk f\u00fcr die Energiewende im Bausektor Das Forschungsvorhaben&nbsp;ReFaTEk&nbsp;dient der Erprobung und Untersuchung ressourcenschonender Fassadentechnologien zur Nutzung von Solarenergie f\u00fcr die energetische Versorgung von Geb\u00e4uden. Die neuartige Klinkertechnologie wird erstmalig an realen Bauvorhaben umgesetzt und wissenschaftlich&nbsp;begleitet.&nbsp;<\/p>\n","protected":false},"author":3,"featured_media":0,"parent":0,"menu_order":1,"comment_status":"closed","ping_status":"closed","template":"","meta":{"footnotes":""},"class_list":["post-1671","page","type-page","status-publish","hentry","category-1","description-off"],"_links":{"self":[{"href":"https:\/\/refatek.de\/index.php?rest_route=\/wp\/v2\/pages\/1671","targetHints":{"allow":["GET"]}}],"collection":[{"href":"https:\/\/refatek.de\/index.php?rest_route=\/wp\/v2\/pages"}],"about":[{"href":"https:\/\/refatek.de\/index.php?rest_route=\/wp\/v2\/types\/page"}],"author":[{"embeddable":true,"href":"https:\/\/refatek.de\/index.php?rest_route=\/wp\/v2\/users\/3"}],"replies":[{"embeddable":true,"href":"https:\/\/refatek.de\/index.php?rest_route=%2Fwp%2Fv2%2Fcomments&post=1671"}],"version-history":[{"count":3,"href":"https:\/\/refatek.de\/index.php?rest_route=\/wp\/v2\/pages\/1671\/revisions"}],"predecessor-version":[{"id":14115,"href":"https:\/\/refatek.de\/index.php?rest_route=\/wp\/v2\/pages\/1671\/revisions\/14115"}],"wp:attachment":[{"href":"https:\/\/refatek.de\/index.php?rest_route=%2Fwp%2Fv2%2Fmedia&parent=1671"}],"curies":[{"name":"wp","href":"https:\/\/api.w.org\/{rel}","templated":true}]}}