{"id":21,"date":"2020-03-11T11:03:55","date_gmt":"2020-03-11T10:03:55","guid":{"rendered":"https:\/\/the7.io\/elementor-minimal-creative-light\/?page_id=21"},"modified":"2025-11-24T19:03:03","modified_gmt":"2025-11-24T18:03:03","slug":"ueber-refatek","status":"publish","type":"page","link":"https:\/\/refatek.de\/?page_id=21","title":{"rendered":"\u00dcber ReFaTEk"},"content":{"rendered":"\t\t<div data-elementor-type=\"wp-page\" data-elementor-id=\"21\" class=\"elementor elementor-21\" data-elementor-post-type=\"page\">\n\t\t\t\t\t\t<section class=\"elementor-section elementor-top-section elementor-element elementor-element-025f864 elementor-section-boxed elementor-section-height-default elementor-section-height-default\" data-id=\"025f864\" data-element_type=\"section\">\n\t\t\t\t\t\t<div class=\"elementor-container elementor-column-gap-default\">\n\t\t\t\t\t<div class=\"elementor-column elementor-col-100 elementor-top-column elementor-element elementor-element-ff06d32\" data-id=\"ff06d32\" data-element_type=\"column\">\n\t\t\t<div class=\"elementor-widget-wrap elementor-element-populated\">\n\t\t\t\t\t\t<div class=\"elementor-element elementor-element-ac6608e elementor-widget elementor-widget-heading\" data-id=\"ac6608e\" data-element_type=\"widget\" data-widget_type=\"heading.default\">\n\t\t\t\t<div class=\"elementor-widget-container\">\n\t\t\t<h1 class=\"elementor-heading-title elementor-size-default\">\u00dcBER ReFaTEk<\/h1>\t\t<\/div>\n\t\t\t\t<\/div>\n\t\t\t\t\t<\/div>\n\t\t<\/div>\n\t\t\t\t\t<\/div>\n\t\t<\/section>\n\t\t<div class=\"elementor-element elementor-element-05b0e52 e-flex e-con-boxed e-con e-parent\" data-id=\"05b0e52\" data-element_type=\"container\">\n\t\t\t\t\t<div class=\"e-con-inner\">\n\t\t\t\t<div class=\"elementor-element elementor-element-5cc3bc5 elementor-widget elementor-widget-video\" data-id=\"5cc3bc5\" data-element_type=\"widget\" data-settings=\"{&quot;video_type&quot;:&quot;hosted&quot;,&quot;controls&quot;:&quot;yes&quot;}\" data-widget_type=\"video.default\">\n\t\t\t\t<div class=\"elementor-widget-container\">\n\t\t\t\t\t<div class=\"e-hosted-video elementor-wrapper elementor-open-inline\">\n\t\t\t\t\t<video class=\"elementor-video\" src=\"https:\/\/refatek.de\/wp-content\/uploads\/2025\/10\/250820ErklC3A4rungsvideo_MM_AnpassungBMWELogo.mp4\" controls=\"\" preload=\"metadata\" controlsList=\"nodownload\"><\/video>\n\t\t\t\t<\/div>\n\t\t\t\t<\/div>\n\t\t\t\t<\/div>\n\t\t<div class=\"elementor-element elementor-element-d77f149 e-grid e-con-full e-con e-child\" data-id=\"d77f149\" data-element_type=\"container\">\n\t\t\t\t<div class=\"elementor-element elementor-element-335b4f8 elementor-widget elementor-widget-heading\" data-id=\"335b4f8\" data-element_type=\"widget\" data-widget_type=\"heading.default\">\n\t\t\t\t<div class=\"elementor-widget-container\">\n\t\t\t<h2 class=\"elementor-heading-title elementor-size-default\">Das ReFaTEk Factsheet<\/h2>\t\t<\/div>\n\t\t\t\t<\/div>\n\t\t\t\t<div class=\"elementor-element elementor-element-8e832b8 elementor-align-center elementor-widget elementor-widget-button\" data-id=\"8e832b8\" data-element_type=\"widget\" data-widget_type=\"button.default\">\n\t\t\t\t<div class=\"elementor-widget-container\">\n\t\t\t\t\t<div class=\"elementor-button-wrapper\">\n\t\t\t<a class=\"elementor-button elementor-button-link elementor-size-sm\" href=\"https:\/\/refatek.de\/wp-content\/uploads\/2025\/11\/250820_Factsheet-ReFaTEk_MM_BMWE-Logoanpassung.pdf\" target=\"_blank\">\n\t\t\t\t\t\t<span class=\"elementor-button-content-wrapper\">\n\t\t\t\t\t\t\t\t\t<span class=\"elementor-button-text\">Hier Herunterladen<\/span>\n\t\t\t\t\t<\/span>\n\t\t\t\t\t<\/a>\n\t\t<\/div>\n\t\t\t\t<\/div>\n\t\t\t\t<\/div>\n\t\t\t\t<\/div>\n\t\t\t\t\t<\/div>\n\t\t\t\t<\/div>\n\t\t\t\t<section class=\"elementor-section elementor-top-section elementor-element elementor-element-7feba70 elementor-section-full_width elementor-section-height-default elementor-section-height-default\" data-id=\"7feba70\" data-element_type=\"section\">\n\t\t\t\t\t\t<div class=\"elementor-container elementor-column-gap-default\">\n\t\t\t\t\t<div class=\"elementor-column elementor-col-33 elementor-top-column elementor-element elementor-element-ba4daf6\" data-id=\"ba4daf6\" data-element_type=\"column\">\n\t\t\t<div class=\"elementor-widget-wrap elementor-element-populated\">\n\t\t\t\t\t\t<div class=\"elementor-element elementor-element-eb30d75 elementor-widget elementor-widget-counter\" data-id=\"eb30d75\" data-element_type=\"widget\" data-widget_type=\"counter.default\">\n\t\t\t\t<div class=\"elementor-widget-container\">\n\t\t\t\t\t<div class=\"elementor-counter\">\n\t\t\t<div class=\"elementor-counter-title\">Vision: CO&#8322-Reduzierung im Geb\u00e4udesektor<\/div>\t\t\t<div class=\"elementor-counter-number-wrapper\">\n\t\t\t\t<span class=\"elementor-counter-number-prefix\"><\/span>\n\t\t\t\t<span class=\"elementor-counter-number\" data-duration=\"2000\" data-to-value=\"1\" data-from-value=\"1\" data-delimiter=\",\">1<\/span>\n\t\t\t\t<span class=\"elementor-counter-number-suffix\"><\/span>\n\t\t\t<\/div>\n\t\t<\/div>\n\t\t\t\t<\/div>\n\t\t\t\t<\/div>\n\t\t\t\t\t<\/div>\n\t\t<\/div>\n\t\t\t\t<div class=\"elementor-column elementor-col-33 elementor-top-column elementor-element elementor-element-9ed897b\" data-id=\"9ed897b\" data-element_type=\"column\">\n\t\t\t<div class=\"elementor-widget-wrap elementor-element-populated\">\n\t\t\t\t\t\t<div class=\"elementor-element elementor-element-fa778bd elementor-widget elementor-widget-counter\" data-id=\"fa778bd\" data-element_type=\"widget\" data-widget_type=\"counter.default\">\n\t\t\t\t<div class=\"elementor-widget-container\">\n\t\t\t\t\t<div class=\"elementor-counter\">\n\t\t\t<div class=\"elementor-counter-title\">Interdisziplin\u00e4re Projektpartner<\/div>\t\t\t<div class=\"elementor-counter-number-wrapper\">\n\t\t\t\t<span class=\"elementor-counter-number-prefix\"><\/span>\n\t\t\t\t<span class=\"elementor-counter-number\" data-duration=\"100\" data-to-value=\"5\" data-from-value=\"0\" data-delimiter=\",\">0<\/span>\n\t\t\t\t<span class=\"elementor-counter-number-suffix\"><\/span>\n\t\t\t<\/div>\n\t\t<\/div>\n\t\t\t\t<\/div>\n\t\t\t\t<\/div>\n\t\t\t\t\t<\/div>\n\t\t<\/div>\n\t\t\t\t<div class=\"elementor-column elementor-col-33 elementor-top-column elementor-element elementor-element-25a8128f\" data-id=\"25a8128f\" data-element_type=\"column\">\n\t\t\t<div class=\"elementor-widget-wrap elementor-element-populated\">\n\t\t\t\t\t\t<div class=\"elementor-element elementor-element-61a6fa7 elementor-widget elementor-widget-counter\" data-id=\"61a6fa7\" data-element_type=\"widget\" data-widget_type=\"counter.default\">\n\t\t\t\t<div class=\"elementor-widget-container\">\n\t\t\t\t\t<div class=\"elementor-counter\">\n\t\t\t<div class=\"elementor-counter-title\">Jahre Laufzeit (2022-2026)<\/div>\t\t\t<div class=\"elementor-counter-number-wrapper\">\n\t\t\t\t<span class=\"elementor-counter-number-prefix\"><\/span>\n\t\t\t\t<span class=\"elementor-counter-number\" data-duration=\"100\" data-to-value=\"4\" data-from-value=\"0\" data-delimiter=\",\">0<\/span>\n\t\t\t\t<span class=\"elementor-counter-number-suffix\"><\/span>\n\t\t\t<\/div>\n\t\t<\/div>\n\t\t\t\t<\/div>\n\t\t\t\t<\/div>\n\t\t\t\t\t<\/div>\n\t\t<\/div>\n\t\t\t\t\t<\/div>\n\t\t<\/section>\n\t\t\t\t<section class=\"elementor-section elementor-top-section elementor-element elementor-element-b7e77ce elementor-section-full_width elementor-section-height-default elementor-section-height-default\" data-id=\"b7e77ce\" data-element_type=\"section\">\n\t\t\t\t\t\t<div class=\"elementor-container elementor-column-gap-default\">\n\t\t\t\t\t<div class=\"elementor-column elementor-col-33 elementor-top-column elementor-element elementor-element-803f4a7\" data-id=\"803f4a7\" data-element_type=\"column\">\n\t\t\t<div class=\"elementor-widget-wrap elementor-element-populated\">\n\t\t\t\t\t\t<div class=\"elementor-element elementor-element-b8fbdd6 elementor-widget elementor-widget-image\" data-id=\"b8fbdd6\" data-element_type=\"widget\" data-widget_type=\"image.default\">\n\t\t\t\t<div class=\"elementor-widget-container\">\n\t\t\t\t\t\t\t\t\t\t\t\t\t<img fetchpriority=\"high\" decoding=\"async\" width=\"506\" height=\"1161\" src=\"https:\/\/refatek.de\/wp-content\/uploads\/2022\/12\/220922_Energieklinker_Zeichenflaeche-1-e1671102492297.png\" class=\"attachment-full size-full wp-image-9517\" alt=\"\" srcset=\"https:\/\/refatek.de\/wp-content\/uploads\/2022\/12\/220922_Energieklinker_Zeichenflaeche-1-e1671102492297.png 506w, https:\/\/refatek.de\/wp-content\/uploads\/2022\/12\/220922_Energieklinker_Zeichenflaeche-1-e1671102492297-131x300.png 131w, https:\/\/refatek.de\/wp-content\/uploads\/2022\/12\/220922_Energieklinker_Zeichenflaeche-1-e1671102492297-446x1024.png 446w\" sizes=\"(max-width: 506px) 100vw, 506px\" \/>\t\t\t\t\t\t\t\t\t\t\t\t\t<\/div>\n\t\t\t\t<\/div>\n\t\t\t\t\t<\/div>\n\t\t<\/div>\n\t\t\t\t<div class=\"elementor-column elementor-col-66 elementor-top-column elementor-element elementor-element-80e75db\" data-id=\"80e75db\" data-element_type=\"column\">\n\t\t\t<div class=\"elementor-widget-wrap elementor-element-populated\">\n\t\t\t\t\t\t<div class=\"elementor-element elementor-element-c3fdf11 elementor-widget elementor-widget-text-editor\" data-id=\"c3fdf11\" data-element_type=\"widget\" data-widget_type=\"text-editor.default\">\n\t\t\t\t<div class=\"elementor-widget-container\">\n\t\t\t\t\t\t\t<p>Das Forschungsvorhaben <strong>ReFaTEk<\/strong> dient der Erforschung ressourcenschonender Fassadentechnologien zur Nutzung von Solarenergie zur energetischen Versorgung von Geb\u00e4uden. Im Rahmen des Forschungsvorhabens wird eine neuartige Klinkertechnologie erstmalig an realen Bauvorhaben umgesetzt und wissenschaftlich begleitet. Die technologische Machbarkeit und Wirtschaftlichkeit wird dabei unter Laborbedingungen umfassend untersucht. Darauf aufbauend werden Aussagen zur Entwicklung und Anschlussf\u00e4higkeit weiterer Fassadensysteme und richtungsweisender Produktgruppen formuliert und somit ein vielf\u00e4ltiger Nutzen f\u00fcr verschiedene Industriezweige geleistet.<\/p>\t\t\t\t\t\t<\/div>\n\t\t\t\t<\/div>\n\t\t\t\t<div class=\"elementor-element elementor-element-23c9a9c elementor-widget elementor-widget-image\" data-id=\"23c9a9c\" data-element_type=\"widget\" data-widget_type=\"image.default\">\n\t\t\t\t<div class=\"elementor-widget-container\">\n\t\t\t\t\t\t\t\t\t\t\t\t\t<img decoding=\"async\" width=\"1024\" height=\"552\" src=\"https:\/\/refatek.de\/wp-content\/uploads\/2022\/12\/Baustelle-e1671115186780-1024x552.jpg\" class=\"attachment-large size-large wp-image-9701\" alt=\"\" srcset=\"https:\/\/refatek.de\/wp-content\/uploads\/2022\/12\/Baustelle-e1671115186780-1024x552.jpg 1024w, https:\/\/refatek.de\/wp-content\/uploads\/2022\/12\/Baustelle-e1671115186780-300x162.jpg 300w, https:\/\/refatek.de\/wp-content\/uploads\/2022\/12\/Baustelle-e1671115186780-768x414.jpg 768w, https:\/\/refatek.de\/wp-content\/uploads\/2022\/12\/Baustelle-e1671115186780-1536x829.jpg 1536w, https:\/\/refatek.de\/wp-content\/uploads\/2022\/12\/Baustelle-e1671115186780.jpg 1698w\" sizes=\"(max-width: 1024px) 100vw, 1024px\" \/>\t\t\t\t\t\t\t\t\t\t\t\t\t<\/div>\n\t\t\t\t<\/div>\n\t\t\t\t\t<\/div>\n\t\t<\/div>\n\t\t\t\t\t<\/div>\n\t\t<\/section>\n\t\t\t\t<\/div>\n\t\t","protected":false},"excerpt":{"rendered":"<p>\u00dcBER ReFaTEk https:\/\/refatek.de\/wp-content\/uploads\/2025\/10\/250820ErklC3A4rungsvideo_MM_AnpassungBMWELogo.mp4 Das ReFaTEk Factsheet Hier Herunterladen Vision: CO&#038;#8322-Reduzierung im Geb\u00e4udesektor 1 Interdisziplin\u00e4re Projektpartner 0 Jahre Laufzeit (2022-2026) 0 Das Forschungsvorhaben ReFaTEk dient der Erforschung ressourcenschonender Fassadentechnologien zur Nutzung von Solarenergie zur energetischen Versorgung von Geb\u00e4uden. Im Rahmen des Forschungsvorhabens wird eine neuartige Klinkertechnologie erstmalig an realen Bauvorhaben umgesetzt und wissenschaftlich begleitet. Die technologische&hellip;<\/p>\n","protected":false},"author":3,"featured_media":0,"parent":0,"menu_order":2,"comment_status":"closed","ping_status":"closed","template":"","meta":{"footnotes":""},"class_list":["post-21","page","type-page","status-publish","hentry"],"_links":{"self":[{"href":"https:\/\/refatek.de\/index.php?rest_route=\/wp\/v2\/pages\/21","targetHints":{"allow":["GET"]}}],"collection":[{"href":"https:\/\/refatek.de\/index.php?rest_route=\/wp\/v2\/pages"}],"about":[{"href":"https:\/\/refatek.de\/index.php?rest_route=\/wp\/v2\/types\/page"}],"author":[{"embeddable":true,"href":"https:\/\/refatek.de\/index.php?rest_route=\/wp\/v2\/users\/3"}],"replies":[{"embeddable":true,"href":"https:\/\/refatek.de\/index.php?rest_route=%2Fwp%2Fv2%2Fcomments&post=21"}],"version-history":[{"count":21,"href":"https:\/\/refatek.de\/index.php?rest_route=\/wp\/v2\/pages\/21\/revisions"}],"predecessor-version":[{"id":14188,"href":"https:\/\/refatek.de\/index.php?rest_route=\/wp\/v2\/pages\/21\/revisions\/14188"}],"wp:attachment":[{"href":"https:\/\/refatek.de\/index.php?rest_route=%2Fwp%2Fv2%2Fmedia&parent=21"}],"curies":[{"name":"wp","href":"https:\/\/api.w.org\/{rel}","templated":true}]}}